{"id":8250,"date":"2023-02-27T08:18:58","date_gmt":"2023-02-27T06:18:58","guid":{"rendered":"https:\/\/www.bestbrands-shop.com\/my-account\/"},"modified":"2023-10-17T11:08:28","modified_gmt":"2023-10-17T08:08:28","slug":"my-account","status":"publish","type":"page","link":"https:\/\/www.bestbrands-shop.com\/en\/my-account\/","title":{"rendered":"My Account"},"content":{"rendered":"\t\t<div data-elementor-type=\"wp-page\" data-elementor-id=\"8250\" class=\"elementor elementor-8250 elementor-10\" data-elementor-post-type=\"page\">\n\t\t\t\t<div class=\"elementor-element elementor-element-14f1401 e-flex e-con-boxed e-con e-parent\" data-id=\"14f1401\" data-element_type=\"container\" data-e-type=\"container\">\n\t\t\t\t\t<div class=\"e-con-inner\">\n\t\t\t\t<div class=\"elementor-element elementor-element-477aace elementor-widget elementor-widget-heading\" data-id=\"477aace\" data-element_type=\"widget\" data-e-type=\"widget\" data-widget_type=\"heading.default\">\n\t\t\t\t<div class=\"elementor-widget-container\">\n\t\t\t\t\t<div class=\"elementor-heading-title elementor-size-default\">\t\t<div class=\"breadcrumbs\">\r\n\t\t\t<span><a title=\"Go to Bestbrands.\" href=\"https:\/\/www.bestbrands-shop.com\/en\/\" class=\"home\" aria-current=\"page\"><span>Bestbrands<\/span><\/a><\/span>\t\t<\/div>\r\n\t\t<\/div>\t\t\t\t<\/div>\n\t\t\t\t<\/div>\n\t\t\t\t<div class=\"elementor-element elementor-element-e8cd4e2 e-my-account-tabs-vertical elementor-widget elementor-widget-woocommerce-my-account\" data-id=\"e8cd4e2\" data-element_type=\"widget\" data-e-type=\"widget\" data-widget_type=\"woocommerce-my-account.default\">\n\t\t\t\t<div class=\"elementor-widget-container\">\n\t\t\t\t\t<div class=\"e-my-account-tab e-my-account-tab__ \">\t\t\t<div class=\"woocommerce\"><\/div>\t\t<\/div>\n\t\t\t\t\t\t<\/div>\n\t\t\t\t<\/div>\n\t\t\t\t\t<\/div>\n\t\t\t\t<\/div>\n\t\t\t\t<\/div>\n\t\t","protected":false},"excerpt":{"rendered":"<p>Dashboard Orders Addresses Account details Logout Tere ND (pole ND? Logi v\u00e4lja) Oma konto t\u00f6\u00f6laualt n\u00e4ed enda hiljutisi tellimusi, saad hallata enda tarne ja maksmise aadresse ning muuta oma salas\u00f5na ja konto andmeid.<\/p>\n","protected":false},"author":1,"featured_media":0,"parent":0,"menu_order":0,"comment_status":"closed","ping_status":"closed","template":"","meta":{"footnotes":""},"class_list":["post-8250","page","type-page","status-publish","hentry"],"_links":{"self":[{"href":"https:\/\/www.bestbrands-shop.com\/en\/wp-json\/wp\/v2\/pages\/8250","targetHints":{"allow":["GET"]}}],"collection":[{"href":"https:\/\/www.bestbrands-shop.com\/en\/wp-json\/wp\/v2\/pages"}],"about":[{"href":"https:\/\/www.bestbrands-shop.com\/en\/wp-json\/wp\/v2\/types\/page"}],"author":[{"embeddable":true,"href":"https:\/\/www.bestbrands-shop.com\/en\/wp-json\/wp\/v2\/users\/1"}],"replies":[{"embeddable":true,"href":"https:\/\/www.bestbrands-shop.com\/en\/wp-json\/wp\/v2\/comments?post=8250"}],"version-history":[{"count":3,"href":"https:\/\/www.bestbrands-shop.com\/en\/wp-json\/wp\/v2\/pages\/8250\/revisions"}],"predecessor-version":[{"id":14712,"href":"https:\/\/www.bestbrands-shop.com\/en\/wp-json\/wp\/v2\/pages\/8250\/revisions\/14712"}],"wp:attachment":[{"href":"https:\/\/www.bestbrands-shop.com\/en\/wp-json\/wp\/v2\/media?parent=8250"}],"curies":[{"name":"wp","href":"https:\/\/api.w.org\/{rel}","templated":true}]}}