{"id":27484,"date":"2025-08-08T08:42:38","date_gmt":"2025-08-08T05:42:38","guid":{"rendered":"https:\/\/www.bestbrands-shop.com\/tooted\/ugg-w-classic-mini-ii-chestnut\/"},"modified":"2025-12-17T17:32:22","modified_gmt":"2025-12-17T15:32:22","slug":"ugg-w-classic-mini-ii-chestnut","status":"publish","type":"product","link":"https:\/\/www.bestbrands-shop.com\/en\/products\/ugg-w-classic-mini-ii-chestnut\/","title":{"rendered":"UGG W CLASSIC MINI II &#8211; CHESTNUT"},"content":{"rendered":"<p>Klassikalised UGG-i saapad olid algup\u00e4raselt palavalt armastatud surfarite poolt, kes peale varahommikusi surfi-seansse need jalga t\u00f5mbasid, et ennast \u00fcles soojendada. Sellest ajast alates on need muutunud juskui ikooniliseks, just nende pehme lambanaha ja vastupidava disaini t\u00f5ttu. Classic II mudel on saanud kaks uut t\u00e4iendust: niiskust ja mustust t\u00f5rjuva pealispinna&nbsp;ja kergema talla, et kindlustada igal sammul pehmus, painduvus ning parema haarduvus. Need mitmek\u00fclgsed saapad sobivad h\u00e4sti praktiliselt k\u00f5igega &#8211;&nbsp; lase aga loovusel lennata!<\/p>\n<ul>\n<li>\n<p>Kahepoolne lamba seemisnahk (&nbsp;\u00fchelt poolt naturaalne lambanahk, aga teisel pool lambavill)<\/p>\n<\/li>\n<li>\n<p>Eelnevalt t\u00f6\u00f6deldud, et t\u00f5rjuda niiskust ja plekke<\/p>\n<\/li>\n<li>\n<p>Tagumine t\u00f5mbeaas, et jalatsid mugavalt jalga t\u00f5mmata<\/p>\n<\/li>\n<li>\n<p>\u00d5mblused on tehtud overlock-\u00f5mblusega<\/p>\n<\/li>\n<li>\n<p>Nailonist tugevdatud \u00f5mblused<\/p>\n<\/li>\n<li>\n<p>Patenteeritud tikkimise tehnoloogia<\/p>\n<\/li>\n<li>\n<p>Seespool lambavill<\/p>\n<\/li>\n<li>\n<p>S\u00e4\u00e4re k\u00f5rgus:&nbsp;14 cm<\/p>\n<\/li>\n<\/ul>\n<p>See toode sisaldab p\u00e4ris lamba- v\u00f5i tallevilla. Vill on p\u00e4rit Austraaliast, Iirimaalt, \u00dchendkuningriigist v\u00f5i Ameerika \u00dchendriikidest. See on kunstlikult v\u00e4rvitud ja t\u00f6\u00f6deldud. Toodetud Hiinas.&nbsp;<\/p>\n","protected":false},"excerpt":{"rendered":"<p>Klassikalised UGG naiste talvesaapad. <\/p>\n","protected":false},"featured_media":27472,"template":"","meta":[],"product_brand":[],"product_cat":[197],"product_tag":[338],"class_list":{"0":"post-27484","1":"product","2":"type-product","3":"status-publish","4":"has-post-thumbnail","6":"product_cat-women-footwear-135","7":"product_tag-offers","8":"pa_brand-ugg-en","10":"first","11":"instock","12":"sale","13":"taxable","14":"shipping-taxable","15":"purchasable","16":"product-type-variable"},"_links":{"self":[{"href":"https:\/\/www.bestbrands-shop.com\/en\/wp-json\/wp\/v2\/product\/27484","targetHints":{"allow":["GET"]}}],"collection":[{"href":"https:\/\/www.bestbrands-shop.com\/en\/wp-json\/wp\/v2\/product"}],"about":[{"href":"https:\/\/www.bestbrands-shop.com\/en\/wp-json\/wp\/v2\/types\/product"}],"wp:featuredmedia":[{"embeddable":true,"href":"https:\/\/www.bestbrands-shop.com\/en\/wp-json\/wp\/v2\/media\/27472"}],"wp:attachment":[{"href":"https:\/\/www.bestbrands-shop.com\/en\/wp-json\/wp\/v2\/media?parent=27484"}],"wp:term":[{"taxonomy":"product_brand","embeddable":true,"href":"https:\/\/www.bestbrands-shop.com\/en\/wp-json\/wp\/v2\/product_brand?post=27484"},{"taxonomy":"product_cat","embeddable":true,"href":"https:\/\/www.bestbrands-shop.com\/en\/wp-json\/wp\/v2\/product_cat?post=27484"},{"taxonomy":"product_tag","embeddable":true,"href":"https:\/\/www.bestbrands-shop.com\/en\/wp-json\/wp\/v2\/product_tag?post=27484"}],"curies":[{"name":"wp","href":"https:\/\/api.w.org\/{rel}","templated":true}]}}